{"id":609,"date":"2021-09-22T23:32:48","date_gmt":"2021-09-22T23:32:48","guid":{"rendered":"http:\/\/rutasturismo.paginasweb.store\/?page_id=609"},"modified":"2021-09-23T00:01:19","modified_gmt":"2021-09-23T00:01:19","slug":"nacional-2","status":"publish","type":"page","link":"https:\/\/rutasturismo.com.ar\/index.php\/nacional-2\/","title":{"rendered":"NACIONAL"},"content":{"rendered":"\t\t<div data-elementor-type=\"wp-page\" data-elementor-id=\"609\" class=\"elementor elementor-609\">\n\t\t\t\t\t\t<section data-particle_enable=\"false\" data-particle-mobile-disabled=\"false\" class=\"elementor-section elementor-top-section elementor-element elementor-element-02a5766 elementor-section-boxed elementor-section-height-default elementor-section-height-default\" data-id=\"02a5766\" data-element_type=\"section\">\n\t\t\t\t\t\t<div class=\"elementor-container elementor-column-gap-default\">\n\t\t\t\t\t<div class=\"elementor-column elementor-col-100 elementor-top-column elementor-element elementor-element-508010b\" data-id=\"508010b\" data-element_type=\"column\">\n\t\t\t<div class=\"elementor-widget-wrap elementor-element-populated\">\n\t\t\t\t\t\t<div class=\"elementor-element elementor-element-6383f06 elementor-widget elementor-widget-menu-anchor\" data-id=\"6383f06\" data-element_type=\"widget\" data-widget_type=\"menu-anchor.default\">\n\t\t\t\t<div class=\"elementor-widget-container\">\n\t\t\t\t\t\t\t<div class=\"elementor-menu-anchor\" id=\"destinos\"><\/div>\n\t\t\t\t\t\t<\/div>\n\t\t\t\t<\/div>\n\t\t\t\t<div class=\"elementor-element elementor-element-cc88569 eael-dual-header-content-align-center elementor-widget elementor-widget-eael-dual-color-header\" data-id=\"cc88569\" data-element_type=\"widget\" data-widget_type=\"eael-dual-color-header.default\">\n\t\t\t\t<div class=\"elementor-widget-container\">\n\t\t\t\t\t\t\t\t<div class=\"eael-dual-header\">\n\t\t\t\t\t\t\t\t\t<span class=\"eael-dch-svg-icon\"><i aria-hidden=\"true\" class=\"fas fa-road\"><\/i><\/span>\t\t\t\t\t\t\t\t<h2 class=\"title\"><span class=\"lead solid-color\">SALIDAS<\/span> <span>NACIONALES<\/span><\/h2>\t\t\t\t<span class=\"subtext\"><\/span>\n\t\t\t<\/div>\n\t\t\t\t\t\t<\/div>\n\t\t\t\t<\/div>\n\t\t\t\t<div class=\"elementor-element elementor-element-42773b7 pp-post-filters-align-center pp-posts-thumbnail-ratio elementor-grid-3 elementor-grid-tablet-2 elementor-grid-mobile-1 pp-search-form-icon elementor-widget elementor-widget-pp-posts\" data-id=\"42773b7\" data-element_type=\"widget\" data-widget_type=\"pp-posts.card\">\n\t\t\t\t<div class=\"elementor-widget-container\">\n\t\t\t\t\t\t\t\t<div class=\"pp-posts-container\">\n\t\t\t\t\t<div class=\"pp-posts-empty\">\n\t\t\t\t\t\t\t<p>It seems we can't find what you're looking for.<\/p>\n\t\t\t\n\t\t\t\t\t<\/div>\n\t\t\t\t\t<\/div>\n\t\t\t\t\t\t\t<\/div>\n\t\t\t\t<\/div>\n\t\t\t\t\t<\/div>\n\t\t<\/div>\n\t\t\t\t\t<\/div>\n\t\t<\/section>\n\t\t\t\t<\/div>\n\t\t","protected":false},"excerpt":{"rendered":"<p>SALIDAS NACIONALES TODAS Nacional Mar del Plata Madryn San Rafael Carlos Paz Bariloche Search MAR DEL PLATA VER M\u00c1S MADRYN VER M\u00c1S SAN RAFAEL VER M\u00c1S CARLOS PAZ VER M\u00c1S BARILOCHE VER M\u00c1S LA FALDA VER M\u00c1S<\/p>\n","protected":false},"author":1,"featured_media":0,"parent":0,"menu_order":0,"comment_status":"closed","ping_status":"closed","template":"elementor_canvas","meta":{"footnotes":""},"_links":{"self":[{"href":"https:\/\/rutasturismo.com.ar\/index.php\/wp-json\/wp\/v2\/pages\/609"}],"collection":[{"href":"https:\/\/rutasturismo.com.ar\/index.php\/wp-json\/wp\/v2\/pages"}],"about":[{"href":"https:\/\/rutasturismo.com.ar\/index.php\/wp-json\/wp\/v2\/types\/page"}],"author":[{"embeddable":true,"href":"https:\/\/rutasturismo.com.ar\/index.php\/wp-json\/wp\/v2\/users\/1"}],"replies":[{"embeddable":true,"href":"https:\/\/rutasturismo.com.ar\/index.php\/wp-json\/wp\/v2\/comments?post=609"}],"version-history":[{"count":11,"href":"https:\/\/rutasturismo.com.ar\/index.php\/wp-json\/wp\/v2\/pages\/609\/revisions"}],"predecessor-version":[{"id":667,"href":"https:\/\/rutasturismo.com.ar\/index.php\/wp-json\/wp\/v2\/pages\/609\/revisions\/667"}],"wp:attachment":[{"href":"https:\/\/rutasturismo.com.ar\/index.php\/wp-json\/wp\/v2\/media?parent=609"}],"curies":[{"name":"wp","href":"https:\/\/api.w.org\/{rel}","templated":true}]}}